{"id":23,"date":"2019-10-19T15:02:03","date_gmt":"2019-10-19T15:02:03","guid":{"rendered":"http:\/\/taxishelenocatarino.pt\/?page_id=23"},"modified":"2025-11-20T21:49:16","modified_gmt":"2025-11-20T21:49:16","slug":"taxishelenocatarino","status":"publish","type":"page","link":"https:\/\/taxishelenocatarino.pt\/fr\/","title":{"rendered":"Taxis Heleno et Catarino"},"content":{"rendered":"<div class=\"grve-section grve-row-section grve-fullwidth-background grve-padding-top-1x grve-bg-none grve-custom-height grve-middle-content\"><div class=\"grve-container\"><div class=\"grve-row grve-bookmark grve-columns-gap-30\"><div class=\"grve-column wpb_column grve-column-1-3 grve-mobile-column-1-3 grve-align-center\" ><div class=\"grve-column-wrapper\" ><h2 class=\"grve-element grve-title grve-align-right grve-h2\" style=\"\"><span>DISPONIBLE<\/span><\/h2><\/div><\/div><div class=\"grve-column wpb_column grve-column-1-3 grve-mobile-column-1-3 grve-align-center\" ><div class=\"grve-column-wrapper\" ><div class=\"grve-element grve-image grve-align-center\" style=\"\">  <div class=\"grve-image-wrapper\"><img loading=\"lazy\" decoding=\"async\" width=\"150\" height=\"150\" src=\"https:\/\/taxishelenocatarino.pt\/wp-content\/uploads\/2019\/11\/24h_7d-150x150.png\" class=\"grve-circle attachment-thumbnail size-thumbnail\" alt=\"\" \/>   <\/div><\/div><\/div><\/div><div class=\"grve-column wpb_column grve-column-1-3 grve-mobile-column-1-3 grve-align-center\" ><div class=\"grve-column-wrapper\" ><h2 class=\"grve-element grve-title grve-align-left grve-h2\" style=\"\"><span>PAR JOUR<\/span><\/h2><\/div><\/div><\/div><\/div><div class=\"grve-background-wrapper\"><\/div><\/div><div class=\"grve-section grve-row-section grve-fullwidth-background grve-padding-top-1x grve-bg-none\" id=\"contact\"><div class=\"grve-container\"><div class=\"grve-row grve-bookmark grve-columns-gap-30\"><div class=\"grve-column wpb_column grve-column-1 grve-clipping-animation grve-colored-clipping-right grve-colored-clipping\"  data-delay=\"600\"  data-clipping-color=\"primary-2\" ><div class=\"grve-column-wrapper\" ><div class=\"grve-map-wrapper\"><div class=\"grve-element grve-map\" data-lat=\"40.347141426515634\" data-lng=\"-8.593587094211498\" data-zoom=\"14\" data-disable-style=\"no\" style=\"height: 500px;\"><\/div>  <div style=\"display:none\" class=\"grve-map-point\" data-point-marker=\"\/\/taxishelenocatarino.pt\/wp-content\/themes\/movedo\/images\/markers\/transparent.png\" data-point-lat=\"40.347141426515634\" data-point-lng=\"-8.593587094211498\" data-point-title=\"\" data-point-type=\"pulse-dot\" data-point-marker-width=\"\" data-point-marker-height=\"\" data-point-bg-color=\"primary-1\"><\/div><\/div><\/div><\/div><div class=\"grve-column wpb_column grve-column-1-3 grve-tablet-column-1-4 grve-tablet-sm-column-1-6\" ><div class=\"grve-column-wrapper\" ><\/div><\/div><div class=\"grve-column wpb_column grve-column-1-3 grve-tablet-column-1-2 grve-tablet-sm-column-2-3 grve-custom-position grve-top-minus-3x grve-clipping-animation grve-colored-clipping-down grve-colored-clipping\"  data-delay=\"1000\"  data-clipping-color=\"primary-1\" ><div class=\"grve-column-wrapper vc_custom_1521020541529 grve-shadow-large grve-with-shadow\" ><div class=\"grve-element grve-text\">\r\n\t\t\t<p style=\"text-align: center;\">Cantanhede - Fi\u00e8vres<\/p>\n\r\n\t\t<\/div>\r\n\t<\/div><\/div><div class=\"grve-column wpb_column grve-column-1-3 grve-tablet-column-1-4 grve-tablet-sm-column-1-6\" ><div class=\"grve-column-wrapper\" ><\/div><\/div><div class=\"grve-column wpb_column grve-column-1\" ><div class=\"grve-column-wrapper\" ><div class=\"grve-empty-space grve-height-3x\" style=\"\"><\/div><\/div><\/div><\/div><\/div><div class=\"grve-background-wrapper\"><\/div><\/div><div class=\"grve-section grve-row-section grve-fullwidth-background grve-padding-top-5x grve-bg-none grve-headings-light\"  style=\"color:#ffffff;\"><div class=\"grve-container\"><div class=\"grve-row grve-bookmark grve-columns-gap-none\"><div class=\"grve-column wpb_column grve-column-1-2 grve-tablet-sm-column-1 grve-custom-position grve-tablet-portrait-position-none grve-mobile-position-none grve-top-minus-3x grve-clipping-animation grve-colored-clipping-right grve-colored-clipping\"  data-delay=\"600\"  data-clipping-color=\"primary-1\" ><div class=\"grve-column-wrapper vc_custom_1610987037154\" ><h3 class=\"grve-element grve-title grve-align-left grve-h2\" style=\"\"><span>Humberto Heleno<\/span><\/h3><div class=\"grve-empty-space grve-height-1x\" style=\"\"><\/div><div class=\"grve-element grve-box-icon grve-small grve-side-icon grve-align-left\" style=\"\"><div class=\"grve-wrapper-icon grve-no-shape\" style=\"\"><i class=\"grve-text-primary-1\"><\/i><\/div><div class=\"grve-box-content\">  <p class=\"\">+351 966 024 105<br \/>\n(appel\u00e9 r\u00e9seau mobile national)<\/p><\/div><\/div><div class=\"grve-empty-space\" style=\"height: 15px;\"><\/div><div class=\"grve-element grve-box-icon grve-small grve-side-icon grve-align-left\" style=\"\"><div class=\"grve-wrapper-icon grve-no-shape\" style=\"\"><i class=\"grve-text-primary-1\"><\/i><\/div><div class=\"grve-box-content\">  <p class=\"\">+351 231 461 946<br \/>\n(appel\u00e9 r\u00e9seau fixe national)<\/p><\/div><\/div><\/div><\/div><div class=\"grve-column wpb_column grve-column-1-2 grve-tablet-sm-column-1 grve-custom-position grve-tablet-portrait-position-none grve-mobile-position-none grve-top-2x grve-clipping-animation grve-colored-clipping-left grve-colored-clipping\"  data-delay=\"600\"  data-clipping-color=\"dark\" ><div class=\"grve-column-wrapper vc_custom_1612806923344\" ><h3 class=\"grve-element grve-title grve-align-left grve-h2\" style=\"\"><span>Ausinda Catarino<\/span><\/h3><div class=\"grve-empty-space grve-height-1x\" style=\"\"><\/div><div class=\"grve-element grve-box-icon grve-small grve-side-icon grve-align-left\" style=\"\"><div class=\"grve-wrapper-icon grve-no-shape\" style=\"\"><i class=\"grve-text-black\"><\/i><\/div><div class=\"grve-box-content\">  <p class=\"\">+351 966 833 979<br \/>\n(appel\u00e9 r\u00e9seau mobile national)<\/p><\/div><\/div><div class=\"grve-empty-space grve-height-1x\" style=\"\"><\/div><h3 class=\"grve-element grve-title grve-align-left grve-h2\" style=\"\"><span>Station de taxis de Cantanhede<\/span><\/h3><div class=\"grve-empty-space grve-height-1x\" style=\"\"><\/div><div class=\"grve-element grve-box-icon grve-small grve-side-icon grve-align-left\" style=\"\"><div class=\"grve-wrapper-icon grve-no-shape\" style=\"\"><i class=\"grve-text-black\"><\/i><\/div><div class=\"grve-box-content\">  <p class=\"\">+351 231 411 715<br \/>\n(appel\u00e9 r\u00e9seau fixe national)<\/p><\/div><\/div><\/div><\/div><\/div><\/div><div class=\"grve-background-wrapper\"><\/div><\/div><div class=\"grve-section grve-row-section grve-fullwidth-background grve-padding-top-5x grve-bg-none\"><div class=\"grve-container\"><div class=\"grve-row grve-bookmark grve-columns-gap-30\"><div class=\"grve-column wpb_column grve-column-1-6\" ><div class=\"grve-column-wrapper\" ><\/div><\/div><div class=\"grve-column wpb_column grve-column-2-3\" ><div class=\"grve-column-wrapper\" ><h2 class=\"grve-element grve-title grve-align-center grve-h2\" style=\"margin-bottom: 0px;\"><span>prestations de service<\/span><\/h2><div class=\"grve-element grve-divider grve-align-center\" style=\"padding-top: 24px;padding-bottom: 24px;\"><span class=\"grve-custom-divider grve-bg-primary-1\" style=\"width: 90px;height: 3px;\"><\/span><\/div><\/div><\/div><div class=\"grve-column wpb_column grve-column-1-6\" ><div class=\"grve-column-wrapper\" ><\/div><\/div><\/div><\/div><div class=\"grve-background-wrapper\"><\/div><\/div><div class=\"grve-section grve-row-section grve-fullwidth grve-bg-none grve-headings-light\"  style=\"color:#ffffff;\"><div class=\"grve-container\"><div class=\"grve-row grve-bookmark grve-columns-gap-30\"><div class=\"grve-column wpb_column grve-column-1-2 grve-tablet-column-1-2 grve-tablet-sm-column-1\" ><div class=\"grve-column-wrapper vc_custom_1613575366327\" ><div class=\"grve-element grve-box-icon grve-small grve-side-icon grve-align-left\" style=\"\"><div class=\"grve-image-icon\"><img loading=\"lazy\" decoding=\"async\" width=\"512\" height=\"512\" src=\"https:\/\/taxishelenocatarino.pt\/wp-content\/uploads\/2021\/02\/taxi_white.png\" class=\"attachment-full size-full\" alt=\"\" srcset=\"https:\/\/taxishelenocatarino.pt\/wp-content\/uploads\/2021\/02\/taxi_white.png 512w, https:\/\/taxishelenocatarino.pt\/wp-content\/uploads\/2021\/02\/taxi_white-300x300.png 300w, https:\/\/taxishelenocatarino.pt\/wp-content\/uploads\/2021\/02\/taxi_white-150x150.png 150w, https:\/\/taxishelenocatarino.pt\/wp-content\/uploads\/2021\/02\/taxi_white-12x12.png 12w\" sizes=\"auto, (max-width: 512px) 100vw, 512px\" \/><\/div><div class=\"grve-box-content\"><div class=\"grve-box-title-wrapper\"><h3 class=\"grve-box-title grve-h3\">Taxi<\/h3><\/div>  <p class=\"\">Service de taxi r\u00e9gulier 24h \/ 24.<br \/>\nNous avons raccourci la distance.<\/p><\/div><\/div><\/div><\/div><div class=\"grve-column wpb_column grve-column-1-2 grve-tablet-column-1-2 grve-tablet-sm-column-1\" ><div class=\"grve-column-wrapper vc_custom_1612797084026\" ><div class=\"grve-element grve-box-icon grve-small grve-side-icon grve-align-left\" style=\"\"><div class=\"grve-image-icon\"><img loading=\"lazy\" decoding=\"async\" width=\"512\" height=\"512\" src=\"https:\/\/taxishelenocatarino.pt\/wp-content\/uploads\/2021\/02\/transfer_white.png\" class=\"attachment-full size-full\" alt=\"\" srcset=\"https:\/\/taxishelenocatarino.pt\/wp-content\/uploads\/2021\/02\/transfer_white.png 512w, https:\/\/taxishelenocatarino.pt\/wp-content\/uploads\/2021\/02\/transfer_white-300x300.png 300w, https:\/\/taxishelenocatarino.pt\/wp-content\/uploads\/2021\/02\/transfer_white-150x150.png 150w, https:\/\/taxishelenocatarino.pt\/wp-content\/uploads\/2021\/02\/transfer_white-12x12.png 12w\" sizes=\"auto, (max-width: 512px) 100vw, 512px\" \/><\/div><div class=\"grve-box-content\"><div class=\"grve-box-title-wrapper\"><h3 class=\"grve-box-title grve-h3\">Transfert de l&#039;a\u00e9roport<\/h3><\/div>  <p class=\"\">Voyagez vers et depuis n&#039;importe quel a\u00e9roport national et international.<\/p><\/div><\/div><\/div><\/div><\/div><\/div><div class=\"grve-background-wrapper\"><\/div><\/div><div class=\"grve-section grve-row-section grve-fullwidth-background grve-bg-none grve-mobile-row-hide\"><div class=\"grve-container\"><div class=\"grve-row grve-bookmark grve-columns-gap-30\"><div class=\"grve-column wpb_column grve-column-1\" ><div class=\"grve-column-wrapper\" ><div class=\"grve-empty-space grve-height-1x\" style=\"\"><\/div><\/div><\/div><\/div><\/div><div class=\"grve-background-wrapper\"><\/div><\/div><div class=\"grve-section grve-row-section grve-fullwidth grve-bg-none grve-headings-light\"  style=\"color:#ffffff;\"><div class=\"grve-container\"><div class=\"grve-row grve-bookmark grve-columns-gap-30\"><div class=\"grve-column wpb_column grve-column-1-2 grve-tablet-column-1-2 grve-tablet-sm-column-1\" ><div class=\"grve-column-wrapper vc_custom_1612797100738\" ><div class=\"grve-element grve-box-icon grve-small grve-side-icon grve-align-left\" style=\"\"><div class=\"grve-image-icon\"><img loading=\"lazy\" decoding=\"async\" width=\"512\" height=\"512\" src=\"https:\/\/taxishelenocatarino.pt\/wp-content\/uploads\/2021\/02\/eventos_white.png\" class=\"attachment-full size-full\" alt=\"\" srcset=\"https:\/\/taxishelenocatarino.pt\/wp-content\/uploads\/2021\/02\/eventos_white.png 512w, https:\/\/taxishelenocatarino.pt\/wp-content\/uploads\/2021\/02\/eventos_white-300x300.png 300w, https:\/\/taxishelenocatarino.pt\/wp-content\/uploads\/2021\/02\/eventos_white-150x150.png 150w, https:\/\/taxishelenocatarino.pt\/wp-content\/uploads\/2021\/02\/eventos_white-12x12.png 12w\" sizes=\"auto, (max-width: 512px) 100vw, 512px\" \/><\/div><div class=\"grve-box-content\"><div class=\"grve-box-title-wrapper\"><h3 class=\"grve-box-title grve-h3\">Ev\u00e9nements et \u00e9v\u00e9nements<\/h3><\/div>  <p class=\"\">Mariages, bapt\u00eames et autres \u00e9v\u00e9nements.<br \/>\nNous sommes la meilleure solution pour ne pas avoir \u00e0 vous soucier du voyage.<\/p><\/div><\/div><\/div><\/div><div class=\"grve-column wpb_column grve-column-1-2\" ><div class=\"grve-column-wrapper vc_custom_1613575382805\" ><div class=\"grve-element grve-box-icon grve-small grve-side-icon grve-align-left\" style=\"\"><div class=\"grve-image-icon\"><img loading=\"lazy\" decoding=\"async\" width=\"512\" height=\"512\" src=\"https:\/\/taxishelenocatarino.pt\/wp-content\/uploads\/2021\/02\/corporativo_white.png\" class=\"attachment-full size-full\" alt=\"\" srcset=\"https:\/\/taxishelenocatarino.pt\/wp-content\/uploads\/2021\/02\/corporativo_white.png 512w, https:\/\/taxishelenocatarino.pt\/wp-content\/uploads\/2021\/02\/corporativo_white-300x300.png 300w, https:\/\/taxishelenocatarino.pt\/wp-content\/uploads\/2021\/02\/corporativo_white-150x150.png 150w, https:\/\/taxishelenocatarino.pt\/wp-content\/uploads\/2021\/02\/corporativo_white-12x12.png 12w\" sizes=\"auto, (max-width: 512px) 100vw, 512px\" \/><\/div><div class=\"grve-box-content\"><div class=\"grve-box-title-wrapper\"><h3 class=\"grve-box-title grve-h3\">Entreprise<\/h3><\/div>  <p class=\"\">Service ex\u00e9cutif pour les entreprises et les employ\u00e9s.<\/p><\/div><\/div><\/div><\/div><\/div><\/div><div class=\"grve-background-wrapper\"><\/div><\/div><div class=\"grve-section grve-row-section grve-fullwidth-background grve-padding-top-2x grve-padding-bottom-3x grve-bg-none\"><div class=\"grve-container\"><div class=\"grve-row grve-bookmark grve-columns-gap-30\"><div class=\"grve-column wpb_column grve-column-1-6\" ><div class=\"grve-column-wrapper\" ><\/div><\/div><div class=\"grve-column wpb_column grve-column-2-3\" ><div class=\"grve-column-wrapper\" >\t\t\t<div class=\"grve-modal-element mfp-hide grve-modal-dialog grve-bg-white grve-drop-shadow grve-content-medium\" id=\"contacto\">\r\n\t\t\t\t<div class=\"grve-section\">\r\n\t\t\t\t\t<div class=\"grve-container\">\r\n\t\t\t\t\t\t<div class=\"grve-row grve-columns-gap-30\">\r\n\t\t\t\t\t\t\t<div class=\"grve-column grve-column-1\">\r\n\t\t\t\t\t\t\t<div class=\"grve-element grve-image grve-align-center\" style=\"\">  <div class=\"grve-image-wrapper\"><img loading=\"lazy\" decoding=\"async\" width=\"1509\" height=\"977\" src=\"https:\/\/taxishelenocatarino.pt\/wp-content\/uploads\/2020\/03\/logotipo.png\" class=\"attachment-full size-full\" alt=\"\" srcset=\"https:\/\/taxishelenocatarino.pt\/wp-content\/uploads\/2020\/03\/logotipo.png 1509w, https:\/\/taxishelenocatarino.pt\/wp-content\/uploads\/2020\/03\/logotipo-300x194.png 300w, https:\/\/taxishelenocatarino.pt\/wp-content\/uploads\/2020\/03\/logotipo-1024x663.png 1024w, https:\/\/taxishelenocatarino.pt\/wp-content\/uploads\/2020\/03\/logotipo-768x497.png 768w\" sizes=\"auto, (max-width: 1509px) 100vw, 1509px\" \/>   <\/div><\/div><div class=\"grve-empty-space grve-height-1x\" style=\"\"><\/div>\n<div class=\"wpcf7 no-js\" id=\"wpcf7-f39-o1\" lang=\"pt-PT\" dir=\"ltr\" data-wpcf7-id=\"39\">\n<div class=\"screen-reader-response\"><p role=\"status\" aria-live=\"polite\" aria-atomic=\"true\"><\/p> <ul><\/ul><\/div>\n<form action=\"\/fr\/wp-json\/wp\/v2\/pages\/23#wpcf7-f39-o1\" method=\"post\" class=\"wpcf7-form init\" aria-label=\"Formulaire de contact\" novalidate=\"novalidate\" data-status=\"init\" data-trp-original-action=\"\/fr\/wp-json\/wp\/v2\/pages\/23#wpcf7-f39-o1\">\n<fieldset class=\"hidden-fields-container\"><input type=\"hidden\" name=\"_wpcf7\" value=\"39\" \/><input type=\"hidden\" name=\"_wpcf7_version\" value=\"6.1.3\" \/><input type=\"hidden\" name=\"_wpcf7_locale\" value=\"pt_PT\" \/><input type=\"hidden\" name=\"_wpcf7_unit_tag\" value=\"wpcf7-f39-o1\" \/><input type=\"hidden\" name=\"_wpcf7_container_post\" value=\"0\" \/><input type=\"hidden\" name=\"_wpcf7_posted_data_hash\" value=\"\" \/><input type=\"hidden\" name=\"_wpcf7_recaptcha_response\" value=\"\" \/>\n<\/fieldset>\n<div class=\"one-half\">\n\t<p><label><span class=\"wpcf7-form-control-wrap\" data-name=\"your-name\"><input size=\"40\" maxlength=\"400\" class=\"wpcf7-form-control wpcf7-text wpcf7-validates-as-required\" aria-required=\"true\" aria-invalid=\"false\" placeholder=\"Votre nom\" value=\"\" type=\"text\" name=\"your-name\" \/><\/span> <\/label>\n\t<\/p>\n<\/div>\n<div class=\"one-half last\">\n\t<p><label><span class=\"wpcf7-form-control-wrap\" data-name=\"your-email\"><input size=\"40\" maxlength=\"400\" class=\"wpcf7-form-control wpcf7-email wpcf7-validates-as-required wpcf7-text wpcf7-validates-as-email\" aria-required=\"true\" aria-invalid=\"false\" placeholder=\"Votre email\" value=\"\" type=\"email\" name=\"your-email\" \/><\/span> <\/label>\n\t<\/p>\n<\/div>\n<div class=\"one-half\">\n\t<p><label><span class=\"wpcf7-form-control-wrap\" data-name=\"your-contact\"><input size=\"40\" maxlength=\"400\" class=\"wpcf7-form-control wpcf7-tel wpcf7-validates-as-required wpcf7-text wpcf7-validates-as-tel\" aria-required=\"true\" aria-invalid=\"false\" placeholder=\"Ton contact\" value=\"\" type=\"tel\" name=\"your-contact\" \/><\/span> <\/label>\n\t<\/p>\n<\/div>\n<div class=\"one-half last\">\n\t<p><label><span class=\"wpcf7-form-control-wrap\" data-name=\"your-subject\"><select class=\"wpcf7-form-control wpcf7-select wpcf7-validates-as-required\" aria-required=\"true\" aria-invalid=\"false\" name=\"your-subject\"><option value=\"--- Seleccionar ---\">--- S\u00e9lectionnez ---<\/option><option value=\"T\u00e1xi\">Taxi<\/option><option value=\"Transfer\">Transfert<\/option><option value=\"Eventos\">Ev\u00e9nements et \u00e9v\u00e9nements<\/option><option value=\"Corporativo\">Entreprise<\/option><option value=\"Outro\">Autre<\/option><\/select><\/span> <\/label>\n\t<\/p>\n<\/div>\n<div>\n\t<p><label><span class=\"wpcf7-form-control-wrap\" data-name=\"your-message\"><textarea cols=\"40\" rows=\"10\" maxlength=\"2000\" class=\"wpcf7-form-control wpcf7-textarea wpcf7-validates-as-required\" aria-required=\"true\" aria-invalid=\"false\" placeholder=\"Votre message\" name=\"your-message\"><\/textarea><\/span> <\/label>\n\t<\/p>\n<\/div>\n<div>\n\t<p><span class=\"wpcf7-form-control-wrap\" data-name=\"politica-privacidade\"><span class=\"wpcf7-form-control wpcf7-acceptance\"><span class=\"wpcf7-list-item\"><label><input type=\"checkbox\" name=\"politica-privacidade\" value=\"1\" checked=\"checked\" aria-invalid=\"false\" \/><span class=\"wpcf7-list-item-label\">En vertu de la l\u00e9gislation actuelle sur la protection des donn\u00e9es, j&#039;exprime mon consentement pour que Taxis Heleno &amp; Catarino utilise mes donn\u00e9es pour de futurs contacts.<\/span><\/label><\/span><\/span><\/span><br \/>\n<input class=\"wpcf7-form-control wpcf7-submit has-spinner\" type=\"submit\" value=\"Nous faire parvenir\" \/>\n\t<\/p>\n<\/div><div class=\"wpcf7-response-output\" aria-hidden=\"true\"><\/div>\n<input type=\"hidden\" name=\"trp-form-language\" value=\"fr\"\/><\/form>\n<\/div>\n\t\t\t\t\t\t\t<\/div>\r\n\t\t\t\t\t\t<\/div>\r\n\t\t\t\t\t<\/div>\r\n\t\t\t\t<\/div>\r\n\t\t\t<\/div>\r\n\t\t<div class=\"grve-element grve-callout grve-btn-right\" style=\"\">  <div class=\"grve-callout-wrapper\"><h3 class=\"grve-callout-content grve-h4\">Vous recherchez un service personnalis\u00e9?<\/h3>  <\/div>  <div class=\"grve-button-wrapper\"><a href=\"#contacto\" class=\"grve-btn grve-btn-medium grve-square grve-bg-primary-1 grve-bg-hover-black grve-modal-popup\"><span>+ info<\/span><\/a>  <\/div><\/div><\/div><\/div><div class=\"grve-column wpb_column grve-column-1-6\" ><div class=\"grve-column-wrapper\" ><\/div><\/div><\/div><\/div><div class=\"grve-background-wrapper\"><\/div><\/div>","protected":false},"excerpt":{"rendered":"DISPONIBLE EN JOURN\u00c9E Cantanhede - Febres Humberto Heleno +351 966 024 105 (appel depuis un mobile national) +351 231 461 946 (appel depuis un fixe national) Ausinda Catarino +351 966 833 979 (appel depuis un mobile national) Station de taxis de Cantanhede +351 231 411 715 (appel depuis un fixe national) Services Taxi Service de taxi r\u00e9gulier 24h\/24. Nous raccourcissons la distance. Transfert a\u00e9roport Voyage vers [...]","protected":false},"author":1,"featured_media":0,"parent":0,"menu_order":0,"comment_status":"closed","ping_status":"open","template":"","meta":{"footnotes":""},"class_list":["post-23","page","type-page","status-publish","hentry"],"_links":{"self":[{"href":"https:\/\/taxishelenocatarino.pt\/fr\/wp-json\/wp\/v2\/pages\/23","targetHints":{"allow":["GET"]}}],"collection":[{"href":"https:\/\/taxishelenocatarino.pt\/fr\/wp-json\/wp\/v2\/pages"}],"about":[{"href":"https:\/\/taxishelenocatarino.pt\/fr\/wp-json\/wp\/v2\/types\/page"}],"author":[{"embeddable":true,"href":"https:\/\/taxishelenocatarino.pt\/fr\/wp-json\/wp\/v2\/users\/1"}],"replies":[{"embeddable":true,"href":"https:\/\/taxishelenocatarino.pt\/fr\/wp-json\/wp\/v2\/comments?post=23"}],"version-history":[{"count":174,"href":"https:\/\/taxishelenocatarino.pt\/fr\/wp-json\/wp\/v2\/pages\/23\/revisions"}],"predecessor-version":[{"id":2577,"href":"https:\/\/taxishelenocatarino.pt\/fr\/wp-json\/wp\/v2\/pages\/23\/revisions\/2577"}],"wp:attachment":[{"href":"https:\/\/taxishelenocatarino.pt\/fr\/wp-json\/wp\/v2\/media?parent=23"}],"curies":[{"name":"wp","href":"https:\/\/api.w.org\/{rel}","templated":true}]}}