{"id":135,"date":"2019-10-24T00:52:21","date_gmt":"2019-10-24T00:52:21","guid":{"rendered":"http:\/\/taxishelenocatarino.pt\/?page_id=135"},"modified":"2021-02-24T10:25:23","modified_gmt":"2021-02-24T10:25:23","slug":"politica-privacidade-cookies","status":"publish","type":"page","link":"https:\/\/taxishelenocatarino.pt\/fr\/politica-privacidade-cookies\/","title":{"rendered":"Politique de confidentialit\u00e9 \/ Cookies"},"content":{"rendered":"<p>Toutes vos informations personnelles collect\u00e9es seront utilis\u00e9es pour rendre votre visite sur notre site Web aussi productive et agr\u00e9able que possible.<\/p>\n<p>Ce document explique comment nous traitons et stockons toutes les donn\u00e9es personnelles qui vous appartiennent, c&#039;est-\u00e0-dire les informations qui permettent de vous identifier, telles que votre nom, adresse, num\u00e9ro de t\u00e9l\u00e9phone ou adresse e-mail.<\/p>\n<p>Assurer la confidentialit\u00e9 des donn\u00e9es personnelles des utilisateurs de notre site Web est important pour Taxis Heleno &amp; Catarino.<\/p>\n<h2>placer<\/h2>\n<p>Notre site Web utilise des cookies, des balises Web ou des identifiants d&#039;appareil uniques qui nous permettent d&#039;identifier votre ordinateur ou votre appareil, y compris votre navigateur, votre syst\u00e8me d&#039;exploitation et votre adresse IP, et de suivre votre utilisation de nos sites Web. Nous utilisons ces informations pour d\u00e9terminer le nombre d&#039;utilisateurs, pour comprendre comment les utilisateurs utilisent le site et pour identifier le chemin qui y est emprunt\u00e9, dans une optique d&#039;am\u00e9lioration continue afin de pouvoir vous offrir une exp\u00e9rience optimis\u00e9e.<\/p>\n<p>Avec le consentement des utilisateurs, nous utilisons des cookies essentiels et des outils similaires sur notre site Web pour am\u00e9liorer ses performances et am\u00e9liorer l&#039;exp\u00e9rience de nos utilisateurs. Les donn\u00e9es collect\u00e9es par les cookies essentiels utilis\u00e9s sur nos sites Web ne nous permettent pas d&#039;identifier des utilisateurs sp\u00e9cifiques.<\/p>\n<p>En plus de nos cookies et autres outils, nos sites Web permettent l&#039;installation de cookies tiers (tels que les cookies plac\u00e9s par le navigateur que vous utilisez). Ces cookies permettent de collecter des donn\u00e9es permettant d&#039;identifier les utilisateurs (telles que les adresses IP). Concernant les donn\u00e9es collect\u00e9es par les cookies tiers, Taxis Heleno &amp; Catarino n&#039;a acc\u00e8s qu&#039;aux donn\u00e9es correctement trait\u00e9es afin de permettre une analyse statistique, sans pouvoir identifier les utilisateurs individuels. Il est toutefois possible de supprimer et\/ou de d\u00e9sactiver les cookies pr\u00e9alablement stock\u00e9s sur votre terminal.<\/p>\n<h3>Que sont les cookies ?<\/h3>\n<p>Un cookie est un petit fichier texte qu&#039;un syst\u00e8me Web installe sur votre ordinateur ou appareil mobile lorsque vous le visitez. Ces fichiers permettent, pendant un certain temps, au site Web de \u00ab se souvenir \u00bb de vos actions et pr\u00e9f\u00e9rences, \u00e0 savoir votre nom d&#039;utilisateur, la langue choisie, la taille des caract\u00e8res et d&#039;autres param\u00e8tres d&#039;affichage. C&#039;est pourquoi, lorsque vous naviguez sur les pages d&#039;un site ou revenez sur un site que vous avez d\u00e9j\u00e0 visit\u00e9, vous n&#039;avez en principe pas \u00e0 ressaisir vos pr\u00e9f\u00e9rences.<\/p>\n<p>Certains cookies contiennent des informations personnelles - par exemple, si vous cliquez sur &quot;se souvenir de moi&quot; ou &quot;se souvenir de moi&quot; lors de la connexion, un cookie stockera votre nom d&#039;utilisateur et\/ou vos autorisations d&#039;acc\u00e8s. La plupart des cookies ne collectent pas d&#039;informations nous permettant d&#039;identifier les utilisateurs, et se limitent \u00e0 collecter des informations de nature plus g\u00e9n\u00e9rale telles que l&#039;origine des utilisateurs qui arrivent sur le site, ou la localisation inexacte de l&#039;utilisateur.<\/p>\n<h3>A quoi servent les cookies ?<\/h3>\n<p>La plupart des cookies utilis\u00e9s par nos sites Internet sont des cookies essentiels, c&#039;est-\u00e0-dire strictement n\u00e9cessaires au fonctionnement du site Internet. Des exemples de ce type de cookies sont : les cookies de saisie de l&#039;utilisateur ; cookies d&#039;authentification\u00a0; les cookies des logiciels de reproduction de contenu multim\u00e9dia.<\/p>\n<p>Les cookies essentiels que nous utilisons collectent des donn\u00e9es d&#039;utilisation et de navigation sur le site Web et sont plac\u00e9s pour am\u00e9liorer les performances de nos sites Web et l&#039;exp\u00e9rience de nos utilisateurs.<\/p>\n<h3>Comment puis-je g\u00e9rer les cookies ?<\/h3>\n<p>Vous pouvez supprimer tous les cookies d\u00e9j\u00e0 install\u00e9s sur votre ordinateur ou appareil mobile ou activer une option disponible dans la plupart des navigateurs qui emp\u00eache leur installation.<\/p>\n<p>Si vous faites cela en relation avec les cookies essentiels que nous pla\u00e7ons, l&#039;utilisation de nos sites Web peut \u00eatre compromise, car il est v\u00e9rifi\u00e9 que les cookies que nous utilisons sont n\u00e9cessaires \u00e0 leur fonctionnement.<\/p>\n<p>Si vous choisissez de supprimer les cookies tiers plac\u00e9s sur nos sites Web, vous devrez peut-\u00eatre d\u00e9finir manuellement certaines pr\u00e9f\u00e9rences chaque fois que vous visitez un site Web et vous risquez de d\u00e9sactiver certains services et fonctionnalit\u00e9s.<\/p>\n<p>Pour plus d&#039;informations sur les cookies tiers, et comment les supprimer, veuillez vous r\u00e9f\u00e9rer aux pages suivantes, selon le navigateur que vous utilisez :<\/p>\n<p><a href=\"https:\/\/support.microsoft.com\/pt-pt\/help\/278835\/how-to-delete-cookie-files-in-internet-explorer\">Microsoft Internet Explorer<\/a><\/p>\n<p><a class=\"text-color-black text-underline\" href=\"https:\/\/privacy.microsoft.com\/pt-pt\/windows-10-microsoft-edge-and-privacy\">Microsoft Edge<\/a><\/p>\n<p><a href=\"https:\/\/support.google.com\/chrome\/answer\/95647?co=GENIE.Platform%3DDesktop&amp;hl=pt\">Google Chrome<\/a><\/p>\n<p><a href=\"https:\/\/support.mozilla.org\/pt-BR\/kb\/exclua-cookies-para-remover-info-armazenadas?redirectlocale=pt-BR&amp;redirectslug=exclua-cookies-remova-informacoes-armazenadas-sites\">Mozilla Firefox<\/a><\/p>\n<p><a href=\"https:\/\/support.apple.com\/kb\/PH21411?viewlocale=pt_BR&amp;locale=en_US\">Apple Safari<\/a><\/p>\n<h2>R\u00e9seaux sociaux<\/h2>\n<p>Nous utilisons les r\u00e9seaux sociaux pour promouvoir et faire conna\u00eetre Taxis Heleno &amp; Catarino, ainsi que nos actions Marketing. Pour am\u00e9liorer l&#039;efficacit\u00e9 de l&#039;investissement publicitaire de chaque plateforme, nous utilisons des cookies de ces m\u00eames r\u00e9seaux sociaux. Ces cookies nous permettent d&#039;\u00e9valuer statistiquement le comportement de nos utilisateurs sur nos sites Web. Cependant, il est important de souligner que nous ne sommes pas en mesure de les identifier sur la base des informations d&#039;utilisation de ces m\u00eames cookies. Votre relation avec les r\u00e9seaux sociaux est r\u00e9gie par les termes et conditions de ces m\u00eames r\u00e9seaux. Vous pouvez \u00e9galement d\u00e9couvrir comment les diff\u00e9rents r\u00e9seaux sociaux prot\u00e8gent vos donn\u00e9es personnelles dans leurs politiques de confidentialit\u00e9 respectives.<\/p>\n<h2>Droits relatifs \u00e0 vos informations personnelles<\/h2>\n<p>Vous pouvez exercer vos droits d&#039;acc\u00e8s, de rectification, de suppression, de limitation et\/ou de portabilit\u00e9 par une communication \u00e9crite, accompagn\u00e9e d&#039;un document prouvant votre identit\u00e9 et\/ou les donn\u00e9es \u00e0 rectifier, le cas \u00e9ch\u00e9ant, qui doit \u00eatre adress\u00e9 \u00e0 <a href=\"mailto:geral@taxishelenocatarino.pt\">geral@taxiselenocatarino.pt<\/a><\/p>\n<p>L&#039;opposition au traitement des donn\u00e9es vis\u00e9es aux pr\u00e9sentes, qui est communiqu\u00e9e \u00e0 Taxis Heleno &amp; Catarino apr\u00e8s son d\u00e9marrage, ne prendra effet qu&#039;\u00e0 compter de la date de r\u00e9ception de cette communication, sans affecter la l\u00e9gitimit\u00e9 du traitement effectu\u00e9 jusqu&#039;\u00e0 pr\u00e9sent.<\/p>\n<p>Concernant l&#039;exercice du droit \u00e0 la portabilit\u00e9 des donn\u00e9es, veuillez garder \u00e0 l&#039;esprit qu&#039;aux termes de la l\u00e9gislation applicable, celui-ci ne s&#039;applique qu&#039;aux donn\u00e9es collect\u00e9es sur la base de votre consentement et dont le traitement est effectu\u00e9 par des moyens automatis\u00e9s.<\/p>\n<p>L&#039;utilisation de <a href=\"https:\/\/taxishelenocatatino.pt\">taxishelenocatarino.pt<\/a> suppose l&#039;acceptation de cet accord de confidentialit\u00e9. L&#039;\u00e9quipe de Taxis Heleno &amp; Catarino se r\u00e9serve le droit de modifier cet accord sans pr\u00e9avis. Par cons\u00e9quent, nous vous recommandons de consulter r\u00e9guli\u00e8rement notre politique de confidentialit\u00e9 afin d&#039;\u00eatre toujours \u00e0 jour.<\/p>\n<p>taxishelenocatarino.pt a des liens vers d&#039;autres sites Web, qui, \u00e0 notre avis, peuvent contenir des informations \/ outils utiles pour nos visiteurs. Notre politique de confidentialit\u00e9 ne s&#039;applique pas aux sites Web de tiers, donc si vous visitez un autre site Web du n\u00f4tre, vous devez lire sa politique de confidentialit\u00e9.<\/p>\n<p>Nous ne sommes pas responsables de la politique de confidentialit\u00e9 ou du contenu pr\u00e9sent sur ces sites.<\/p>","protected":false},"excerpt":{"rendered":"<p>Toutes vos informations personnelles collect\u00e9es seront utilis\u00e9es pour aider \u00e0 rendre votre visite sur notre site aussi productive et agr\u00e9able que possible. Ce document explique comment nous traitons et stockons toutes les donn\u00e9es personnelles qui vous appartiennent, c&#039;est-\u00e0-dire les informations qui nous permettent de vous identifier, telles que votre nom, votre adresse, votre num\u00e9ro de t\u00e9l\u00e9phone ou [\u2026]<\/p>","protected":false},"author":1,"featured_media":0,"parent":0,"menu_order":0,"comment_status":"closed","ping_status":"open","template":"","meta":{"footnotes":""},"class_list":["post-135","page","type-page","status-publish","hentry"],"_links":{"self":[{"href":"https:\/\/taxishelenocatarino.pt\/fr\/wp-json\/wp\/v2\/pages\/135","targetHints":{"allow":["GET"]}}],"collection":[{"href":"https:\/\/taxishelenocatarino.pt\/fr\/wp-json\/wp\/v2\/pages"}],"about":[{"href":"https:\/\/taxishelenocatarino.pt\/fr\/wp-json\/wp\/v2\/types\/page"}],"author":[{"embeddable":true,"href":"https:\/\/taxishelenocatarino.pt\/fr\/wp-json\/wp\/v2\/users\/1"}],"replies":[{"embeddable":true,"href":"https:\/\/taxishelenocatarino.pt\/fr\/wp-json\/wp\/v2\/comments?post=135"}],"version-history":[{"count":7,"href":"https:\/\/taxishelenocatarino.pt\/fr\/wp-json\/wp\/v2\/pages\/135\/revisions"}],"predecessor-version":[{"id":391,"href":"https:\/\/taxishelenocatarino.pt\/fr\/wp-json\/wp\/v2\/pages\/135\/revisions\/391"}],"wp:attachment":[{"href":"https:\/\/taxishelenocatarino.pt\/fr\/wp-json\/wp\/v2\/media?parent=135"}],"curies":[{"name":"wp","href":"https:\/\/api.w.org\/{rel}","templated":true}]}}